{"id":679,"date":"2022-06-29T20:27:56","date_gmt":"2022-06-29T20:27:56","guid":{"rendered":"https:\/\/www.sarahazavendeghaz.hu\/?page_id=679"},"modified":"2025-09-26T08:53:15","modified_gmt":"2025-09-26T08:53:15","slug":"679-2","status":"publish","type":"page","link":"https:\/\/www.sarahazavendeghaz.hu\/?page_id=679","title":{"rendered":"Foglal\u00e1s"},"content":{"rendered":"\n<p class=\"has-white-background-color has-background\">A 4 napraforg\u00f3s \u00e9s **** min\u0151s\u00edt\u00e9s\u0171, h\u00e1rom apartmanb\u00f3l \u00e1ll\u00f3 vend\u00e9gh\u00e1z 4-4 f\u00e9r\u0151helyes apartmanonk\u00e9nt \u00e9s minimum k\u00e9t \u00e9jszak\u00e1ra foglalhat\u00f3. Vend\u00e9geink minimum egy teljes apartmant b\u00e9relnek. H\u00e1zi \u00e1llatokat nem fogadunk.<\/p>\n\n\n\n<div class=\"wp-block-media-text alignwide has-media-on-the-right is-stacked-on-mobile has-white-background-color has-background\" style=\"grid-template-columns:auto 23%\"><div class=\"wp-block-media-text__content\">\n<p class=\"has-medium-font-size\">Egy vend\u00e9g\u00e9jszaka 65 000 Ft\/apartman. (16 250 Ft\/f\u0151\/\u00e9j)<\/p>\n\n\n\n<p>Idegenforgalmi ad\u00f3: 0 forint\/f\u0151\/\u00e9j.<\/p>\n<\/div><figure class=\"wp-block-media-text__media\"><img fetchpriority=\"high\" decoding=\"async\" width=\"346\" height=\"349\" src=\"https:\/\/www.sarahazavendeghaz.hu\/wp-content\/uploads\/2022\/07\/Nevtelensadas-1.png\" alt=\"\" class=\"wp-image-1195 size-full\" srcset=\"https:\/\/www.sarahazavendeghaz.hu\/wp-content\/uploads\/2022\/07\/Nevtelensadas-1.png 346w, https:\/\/www.sarahazavendeghaz.hu\/wp-content\/uploads\/2022\/07\/Nevtelensadas-1-297x300.png 297w, https:\/\/www.sarahazavendeghaz.hu\/wp-content\/uploads\/2022\/07\/Nevtelensadas-1-150x150.png 150w\" sizes=\"(max-width: 346px) 100vw, 346px\" \/><\/figure><\/div>\n\n\n\n<p><\/p>\n\n\n\n<p class=\"has-white-background-color has-background\">Az \u00e1r tartalmazza az apartman teljes haszn\u00e1lat\u00e1t, a v\u00edz-\u00e9s \u00e1ramfogyaszt\u00e1st, t\u0171zif\u00e1t. \u00c9tkez\u00e9st nem biztos\u00edtunk, viszont b\u0151s\u00e9ges, helyi termel\u0151k k\u00e9zm\u0171ves remekeib\u0151l \u00f6ssze\u00e1ll\u00edtott reggeli kos\u00e1r rendelhet\u0151.<\/p>\n\n\n\n<p class=\"has-white-background-color has-background\">\u00c9rdekl\u0151d\u00e9s\u00e9t telefonon vagy e-mailben v\u00e1rjuk. A foglal\u00e1s akkor garant\u00e1lt, ha az aj\u00e1nlatunkban szerepl\u0151 sz\u00e1ll\u00e1sd\u00edj 50 %-\u00e1t megkaptuk foglal\u00f3k\u00e9nt, s ezt e-mailben visszaigazoljuk. A foglal\u00f3 megfizet\u00e9se banki \u00e1tutal\u00e1ssal t\u00f6rt\u00e9nhet.<\/p>\n\n\n\n<p class=\"has-white-background-color has-background\">A foglal\u00e1s megtervez\u00e9sekor k\u00e9rj\u00fck, vegy\u00e9k figyelembe,hogy a foglal\u00f3t 30 napon bel\u00fcli lemond\u00e1s, id\u0151pontm\u00f3dos\u00edt\u00e1s, illetve meg nem jelen\u00e9s eset\u00e9n nem \u00e1ll m\u00f3dunkban visszafizetni.<\/p>\n\n\n\n<p class=\"has-white-background-color has-background\">A teljes sz\u00e1ll\u00e1sd\u00edj fennmarad\u00f3 r\u00e9sz\u00e9t a meg\u00e9rkez\u00e9skor k\u00e9rj\u00fck megfizetni. Ha valami miatt az el\u0151re lefoglalt id\u0151szak v\u00e9ge el\u0151tt t\u00e1vozn\u00e1nak a vend\u00e9gek a sz\u00e1ll\u00e1sr\u00f3l, nem \u00e1ll m\u00f3dunkban p\u00e9nzt visszafizetni. <\/p>\n\n\n\n<p class=\"has-white-background-color has-background\">A vend\u00e9gh\u00e1zat az \u00e9rkez\u00e9s napj\u00e1n 16:00 \u00f3r\u00e1t\u00f3l lehet elfoglalni. Az utols\u00f3 napon legk\u00e9s\u0151bb 10:00 \u00f3r\u00e1ig k\u00e9rj\u00fck a h\u00e1zat elhagyni. Amennyiben 10:00 \u00f3r\u00e1ig vend\u00e9geink nem jelentkeznek ki, automatikusan felsz\u00e1moljuk a k\u00f6vetkez\u0151 napi sz\u00e1ll\u00e1sd\u00edjat.<\/p>\n\n\n\n<p class=\"has-white-background-color has-background\">A foglal\u00e1sukkal a vend\u00e9gek a h\u00e1zirendet elfogadj\u00e1k \u00e9s k\u00f6telezik magukat az abban le\u00edrtak betart\u00e1s\u00e1ra.<\/p>\n\n\n\n<p><a href=\"https:\/\/www.sarahazavendeghaz.hu\/wp-content\/uploads\/2022\/06\/hazirend.pdf\"><mark>H\u00e1zirend let\u00f6lt\u00e9se<\/mark><\/a><\/p>\n\n\n\n<div class=\"wp-block-booking-booking\"> <div id=\"form_id618276414672\" class=\"wpdevelop\"><form  id=\"booking_form1\"   class=\"booking_form vertical\" method=\"post\" action=\"\"><div id=\"ajax_respond_insert1\" class=\"ajax_respond_insert\" style=\"display:none;\"><\/div><a name=\"bklnk1\" id=\"bklnk1\"><\/a><div id=\"booking_form_div1\" class=\"booking_form_div\"><div class=\"wpbc_booking_form_structure wpbc_vertical\">\n  <div class=\"wpbc_structure_calendar\">\n    <div class=\"wpbc_change_over_triangle\"><div class=\"bk_calendar_frame months_num_in_row_ cal_month_num_1 wpbc_timeslot_day_bg_as_available\" style=\"width:780px;\"><div id=\"calendar_booking1\">Napt\u00e1r bet\u00f6lt\u00e9se<\/div><\/div><div style=\"font-size:9px;text-align:left;margin-top:3px;\">Powered by <a style=\"font-size:9px;\" href=\"https:\/\/wpbookingcalendar.com\" target=\"_blank\" title=\"Booking Calendar plugin for WordPress\">Booking Calendar<\/a><\/div><textarea id=\"date_booking1\" name=\"date_booking1\" autocomplete=\"off\" style=\"display:none;\"><\/textarea><\/div>\n  <\/div>\n  <div class=\"wpbc_structure_form\">\n  <div class=\"form-group\">  <label for=\"name1\" class=\"control-label\">Vezet\u00e9kn\u00e9v*:<\/label>   <div class=\"controls\">   <input type=\"text\" name=\"name1\" id=\"name1\" class=\"input-xlarge wpdev-validates-as-required\" \/><\/div><\/div>  <div class=\"form-group\">  <label for=\"secondname1\" class=\"control-label\">Ut\u00f3n\u00e9v*:<\/label>   <div class=\"controls\">   <input type=\"text\" name=\"secondname1\" id=\"secondname1\" class=\"input-xlarge wpdev-validates-as-required\" \/><\/div><\/div>  <div class=\"form-group\">  <label for=\"email1\" class=\"control-label\">Email*:<\/label>   <div class=\"controls\">   <input type=\"text\" name=\"email1\" id=\"email1\" class=\"input-xlarge wpdev-validates-as-email wpdev-validates-as-required wpdev-validates-as-required\" \/><\/div><\/div>  <div class=\"form-group\">  <label for=\"phone1\" class=\"control-label\">Telefonsz\u00e1m:<\/label>   <div class=\"controls\">   <input type=\"text\" name=\"phone1\" id=\"phone1\" class=\"input-xlarge\" \/><\/div><\/div>  <div class=\"form-group\">  <label for=\"details1\" class=\"control-label\">Megjegyz\u00e9s:<\/label>   <div class=\"controls\">   <textarea  rows=\"3\" name=\"details1\" id=\"details1\" class=\"input-xlarge\" ><\/textarea><\/div><\/div><div class=\"form-group\"><input  autocomplete=\"off\" type=\"hidden\" name=\"wpdev_captcha_challenge_1\"  id=\"wpdev_captcha_challenge_1\" value=\"1065846500\" \/><input  autocomplete=\"off\" type=\"text\" class=\"captachinput\" value=\"\" name=\"captcha_input1\" id=\"captcha_input1\" \/><img decoding=\"async\" class=\"captcha_img\"  id=\"captcha_img1\" alt=\"captcha\" src=\"https:\/\/www.sarahazavendeghaz.hu\/wp-content\/plugins\/booking\/js\/captcha\/tmp\/1065846500.png\" \/><span id=\"captcha_msg1\" class=\"wpdev-help-message\" ><\/span><\/div>\n<div class=\"form-group\"><button class=\"btn btn-default\" type=\"button\" onclick=\"mybooking_submit(this.form,1,'hu_HU');\" >K\u00fcld\u00e9s<\/button><\/div>\n  <\/div>\n<\/div>\n<div class=\"wpbc_booking_form_footer\"><\/div><input id=\"bk_type1\" name=\"bk_type1\" class=\"\" type=\"hidden\" value=\"1\" \/><\/div><div id=\"submiting1\"><\/div><div class=\"form_bk_messages\" id=\"form_bk_messages1\" ><\/div><input type=\"hidden\" id=\"wpbc_nonce1\" name=\"wpbc_nonce1\" value=\"3c4abf52f6\" \/><input type=\"hidden\" name=\"_wp_http_referer\" value=\"\/index.php?rest_route=%2Fwp%2Fv2%2Fpages%2F679\" \/><input type=\"hidden\" id=\"wpbc_nonceCALCULATE_THE_COST1\" name=\"wpbc_nonceCALCULATE_THE_COST1\" value=\"0522a74013\" \/><input type=\"hidden\" name=\"_wp_http_referer\" value=\"\/index.php?rest_route=%2Fwp%2Fv2%2Fpages%2F679\" \/><\/form><\/div><div id=\"booking_form_garbage1\" class=\"booking_form_garbage\"><\/div><script type=\"text\/javascript\">\n                                jQuery(document).ready( function(){\n                                    jQuery(\".widget_wpdev_booking .booking_form.form-horizontal\").removeClass(\"form-horizontal\");\n                                    var visible_booking_id_on_page_num = visible_booking_id_on_page.length;\n                                    if (visible_booking_id_on_page_num !== null ) {\n                                        for (var i=0;i< visible_booking_id_on_page_num ;i++){\n                                          if ( visible_booking_id_on_page[i]==\"booking_form_div1\" ) {\n                                              document.getElementById(\"form_id618276414672\").innerHTML = \"<span style='color:#A00;font-size:10px;'>Figyelem! A foglal\u00e1si er\u0151forr\u00e1s foglal\u00e1si napt\u00e1ra m\u00e1r megtal\u00e1lhat\u00f3 az oldalon. T\u00f6bbet err\u0151l itt : https:\/\/wpbookingcalendar.com\/faq\/why-the-booking-calendar-widget-not-show-on-page\/ olvashat<\/span>\";                                                                                                  \n                                              jQuery(\"#form_id618276414672\").animate( {opacity: 1}, 10000 ).fadeOut(5000);\n                                              return;\n                                          }\n                                        }\n                                        visible_booking_id_on_page[ visible_booking_id_on_page_num ]=\"booking_form_div1\";\n                                    }\n                                });\n                            <\/script> <script type='text\/javascript'>  jQuery(document).ready( function(){  date_admin_blank[1] = [];  date2approve[1] = [];  var date_approved_par = [];  init_datepick_cal('1', date_approved_par, 1 , 1, [2022,6]   );  }); <\/script><\/div>\n\n\n\n<img decoding=\"async\" src=\"https:\/\/www.sarahazavendeghaz.hu\/wp-content\/uploads\/2025\/04\/8ad41a49fdb8af0-scaled.jpg\" \n     style=\"position: fixed; bottom: 20px; right: 20px; width: 300px; z-index: 999;\">\n\n\n\n<p><\/p>\n","protected":false},"excerpt":{"rendered":"<p>A 4 napraforg\u00f3s \u00e9s **** min\u0151s\u00edt\u00e9s\u0171, h\u00e1rom apartmanb\u00f3l \u00e1ll\u00f3 vend\u00e9gh\u00e1z 4-4 f\u00e9r\u0151helyes apartmanonk\u00e9nt \u00e9s minimum k\u00e9t \u00e9jszak\u00e1ra foglalhat\u00f3. Vend\u00e9geink minimum egy teljes apartmant b\u00e9relnek. H\u00e1zi \u00e1llatokat nem fogadunk. Egy vend\u00e9g\u00e9jszaka 65 000 Ft\/apartman. (16 250 Ft\/f\u0151\/\u00e9j) Idegenforgalmi ad\u00f3: 0 forint\/f\u0151\/\u00e9j. Az \u00e1r tartalmazza az apartman teljes haszn\u00e1lat\u00e1t, a v\u00edz-\u00e9s \u00e1ramfogyaszt\u00e1st, t\u0171zif\u00e1t. \u00c9tkez\u00e9st nem biztos\u00edtunk, viszont<span class=\"post-excerpt-end\">&hellip;<\/span><\/p>\n<p class=\"more-link\"><a href=\"https:\/\/www.sarahazavendeghaz.hu\/?page_id=679\" class=\"themebutton\">Read More<\/a><\/p>\n","protected":false},"author":2,"featured_media":0,"parent":0,"menu_order":0,"comment_status":"closed","ping_status":"closed","template":"","meta":{"_eb_attr":"","ngg_post_thumbnail":0,"footnotes":""},"class_list":["post-679","page","type-page","status-publish","hentry"],"_links":{"self":[{"href":"https:\/\/www.sarahazavendeghaz.hu\/index.php?rest_route=\/wp\/v2\/pages\/679","targetHints":{"allow":["GET"]}}],"collection":[{"href":"https:\/\/www.sarahazavendeghaz.hu\/index.php?rest_route=\/wp\/v2\/pages"}],"about":[{"href":"https:\/\/www.sarahazavendeghaz.hu\/index.php?rest_route=\/wp\/v2\/types\/page"}],"author":[{"embeddable":true,"href":"https:\/\/www.sarahazavendeghaz.hu\/index.php?rest_route=\/wp\/v2\/users\/2"}],"replies":[{"embeddable":true,"href":"https:\/\/www.sarahazavendeghaz.hu\/index.php?rest_route=%2Fwp%2Fv2%2Fcomments&post=679"}],"version-history":[{"count":52,"href":"https:\/\/www.sarahazavendeghaz.hu\/index.php?rest_route=\/wp\/v2\/pages\/679\/revisions"}],"predecessor-version":[{"id":1871,"href":"https:\/\/www.sarahazavendeghaz.hu\/index.php?rest_route=\/wp\/v2\/pages\/679\/revisions\/1871"}],"wp:attachment":[{"href":"https:\/\/www.sarahazavendeghaz.hu\/index.php?rest_route=%2Fwp%2Fv2%2Fmedia&parent=679"}],"curies":[{"name":"wp","href":"https:\/\/api.w.org\/{rel}","templated":true}]}}