{"id":452,"date":"2022-06-10T08:17:42","date_gmt":"2022-06-10T08:17:42","guid":{"rendered":"https:\/\/www.sarahazavendeghaz.hu\/?page_id=452"},"modified":"2025-09-26T08:53:49","modified_gmt":"2025-09-26T08:53:49","slug":"kapcsolat","status":"publish","type":"page","link":"https:\/\/www.sarahazavendeghaz.hu\/?page_id=452","title":{"rendered":"Kapcsolat"},"content":{"rendered":"\n<p class=\"has-white-background-color has-background\"><strong>Telefon: <\/strong>+36 70 235 9288<\/p>\n\n\n\n<p class=\"has-white-background-color has-background\"><strong>E-mail: <\/strong>sarahazavendeghaz@gmail.com<\/p>\n\n\n\n<p class=\"has-white-background-color has-background\"><strong>C\u00edm:<\/strong> S\u00e1ra-H\u00e1za Vend\u00e9gh\u00e1z<\/p>\n\n\n\n<p class=\"has-white-background-color has-background\">3837 Gagyap\u00e1ti, Pet\u0151fi S. utca 14. <\/p>\n\n\n<div role=\"form\" class=\"wpcf7\" id=\"wpcf7-f595-o1\" lang=\"hu-HU\" dir=\"ltr\">\n<div class=\"screen-reader-response\"><p role=\"status\" aria-live=\"polite\" aria-atomic=\"true\"><\/p> <ul><\/ul><\/div>\n<form action=\"\/index.php?rest_route=%2Fwp%2Fv2%2Fpages%2F452#wpcf7-f595-o1\" method=\"post\" class=\"wpcf7-form init\" novalidate=\"novalidate\" data-status=\"init\">\n<div style=\"display: none;\">\n<input type=\"hidden\" name=\"_wpcf7\" value=\"595\" \/>\n<input type=\"hidden\" name=\"_wpcf7_version\" value=\"5.6\" \/>\n<input type=\"hidden\" name=\"_wpcf7_locale\" value=\"hu_HU\" \/>\n<input type=\"hidden\" name=\"_wpcf7_unit_tag\" value=\"wpcf7-f595-o1\" \/>\n<input type=\"hidden\" name=\"_wpcf7_container_post\" value=\"0\" \/>\n<input type=\"hidden\" name=\"_wpcf7_posted_data_hash\" value=\"\" \/>\n<\/div>\n<p><label> N\u00e9v<br \/>\n    <span class=\"wpcf7-form-control-wrap\" data-name=\"your-name\"><input type=\"text\" name=\"your-name\" value=\"\" size=\"40\" class=\"wpcf7-form-control wpcf7-text wpcf7-validates-as-required\" aria-required=\"true\" aria-invalid=\"false\" \/><\/span> <\/label><\/p>\n<p><label> E-mail c\u00edm<br \/>\n    <span class=\"wpcf7-form-control-wrap\" data-name=\"your-email\"><input type=\"email\" name=\"your-email\" value=\"\" size=\"40\" class=\"wpcf7-form-control wpcf7-text wpcf7-email wpcf7-validates-as-required wpcf7-validates-as-email\" aria-required=\"true\" aria-invalid=\"false\" \/><\/span> <\/label><\/p>\n<p><label> T\u00e1rgy<br \/>\n    <span class=\"wpcf7-form-control-wrap\" data-name=\"your-subject\"><input type=\"text\" name=\"your-subject\" value=\"\" size=\"40\" class=\"wpcf7-form-control wpcf7-text wpcf7-validates-as-required\" aria-required=\"true\" aria-invalid=\"false\" \/><\/span> <\/label><\/p>\n<p><label> \u00dczenet (nem k\u00f6telez\u0151)<br \/>\n    <span class=\"wpcf7-form-control-wrap\" data-name=\"your-message\"><textarea name=\"your-message\" cols=\"40\" rows=\"10\" class=\"wpcf7-form-control wpcf7-textarea\" aria-invalid=\"false\"><\/textarea><\/span> <\/label><\/p>\n<p><input type=\"submit\" value=\"Bek\u00fcld\u00e9s\" class=\"wpcf7-form-control has-spinner wpcf7-submit\" \/><\/p>\n<div class=\"wpcf7-response-output\" aria-hidden=\"true\"><\/div><\/form><\/div>\n\n\n\n<img decoding=\"async\" src=\"https:\/\/www.sarahazavendeghaz.hu\/wp-content\/uploads\/2025\/04\/8ad41a49fdb8af0-scaled.jpg\" \n     style=\"position: fixed; bottom: 20px; right: 20px; width: 300px; z-index: 999;\">\n\n\n\n<p><\/p>\n","protected":false},"excerpt":{"rendered":"<p>Telefon: +36 70 235 9288 E-mail: sarahazavendeghaz@gmail.com C\u00edm: S\u00e1ra-H\u00e1za Vend\u00e9gh\u00e1z 3837 Gagyap\u00e1ti, Pet\u0151fi S. utca 14.<\/p>\n","protected":false},"author":2,"featured_media":0,"parent":0,"menu_order":0,"comment_status":"closed","ping_status":"closed","template":"","meta":{"_eb_attr":"","ngg_post_thumbnail":0,"footnotes":""},"class_list":["post-452","page","type-page","status-publish","hentry"],"_links":{"self":[{"href":"https:\/\/www.sarahazavendeghaz.hu\/index.php?rest_route=\/wp\/v2\/pages\/452","targetHints":{"allow":["GET"]}}],"collection":[{"href":"https:\/\/www.sarahazavendeghaz.hu\/index.php?rest_route=\/wp\/v2\/pages"}],"about":[{"href":"https:\/\/www.sarahazavendeghaz.hu\/index.php?rest_route=\/wp\/v2\/types\/page"}],"author":[{"embeddable":true,"href":"https:\/\/www.sarahazavendeghaz.hu\/index.php?rest_route=\/wp\/v2\/users\/2"}],"replies":[{"embeddable":true,"href":"https:\/\/www.sarahazavendeghaz.hu\/index.php?rest_route=%2Fwp%2Fv2%2Fcomments&post=452"}],"version-history":[{"count":7,"href":"https:\/\/www.sarahazavendeghaz.hu\/index.php?rest_route=\/wp\/v2\/pages\/452\/revisions"}],"predecessor-version":[{"id":1872,"href":"https:\/\/www.sarahazavendeghaz.hu\/index.php?rest_route=\/wp\/v2\/pages\/452\/revisions\/1872"}],"wp:attachment":[{"href":"https:\/\/www.sarahazavendeghaz.hu\/index.php?rest_route=%2Fwp%2Fv2%2Fmedia&parent=452"}],"curies":[{"name":"wp","href":"https:\/\/api.w.org\/{rel}","templated":true}]}}